{"id":110,"date":"2022-05-09T09:47:14","date_gmt":"2022-05-09T09:47:14","guid":{"rendered":"https:\/\/dasantander.com\/?page_id=110"},"modified":"2022-05-09T10:01:57","modified_gmt":"2022-05-09T10:01:57","slug":"aviso-legal","status":"publish","type":"page","link":"https:\/\/dasantander.com\/index.php\/aviso-legal\/","title":{"rendered":"Aviso Legal"},"content":{"rendered":"<p>Aviso Legal<\/p>\n<p>En cumplimiento con el deber de informaci\u00f3n recogido en el art\u00edculo 10 de la Ley 34\/2002, de 11 de julio, de Servicios de la Sociedad de la Informaci\u00f3n y de Comercio Electr\u00f3nico, le informamos que la URL www.dasantander.com (en adelante el PORTAL) es un dominio propiedad de DAS SANTANDER (EMILIO LANZA) (en adelante, la ENTIDAD), con domicilio sito en C\/ SAN CELEDONIO\u00a0 37 &#8211; BAJO, SANTANDER, en Espa\u00f1a, con DNI n\u00ba 72070995N.<\/p>\n<p>Todas las marcas, nombres comerciales o signos distintivos de cualquier clase que aparecen en el PORTAL son propiedad de la ENTIDAD o de terceros, sin que pueda entenderse que el uso o acceso al sitio y\/o a los servicios, atribuya al usuario derecho alguno sobre las citadas marcas, nombres comerciales y\/o signos distintivos.<\/p>\n<p>Asimismo, los contenidos publicados en la web, su dise\u00f1o gr\u00e1fico, im\u00e1genes, bases de datos y c\u00f3digo fuente son propiedad intelectual de la ENTIDAD o de terceros, sin que puedan entenderse cedidos al usuario, en virtud de lo establecido en este Aviso Legal, ninguno de los derechos de explotaci\u00f3n que existen o puedan existir sobre dichos contenidos m\u00e1s all\u00e1 de lo estrictamente necesario para el correcto uso del PORTAL y de los servicios que se prestan a trav\u00e9s de \u00e9l.<\/p>\n<p>Le recordamos que en caso de que usted sea persona f\u00edsica que act\u00fae con fines ajenos a sus actividades comerciales o empresariales, a su oficio o a su profesi\u00f3n, puede acudir a la plataforma de resoluci\u00f3n de litigios en l\u00ednea que puede encontrar en el siguiente enlace: http:\/\/ec.europa.eu\/consumers\/odr\/<\/p>\n<p>El acceso a este web site es responsabilidad exclusiva de los usuarios. El simple acceso al PORTAL no supone entablar ning\u00fan tipo de relaci\u00f3n de car\u00e1cter comercial entre la ENTIDAD y el usuario.\u00a0 Accediendo a \u00e9l acepta los siguientes t\u00e9rminos y condiciones.<\/p>\n<p>Puede contactar con nosotros a trav\u00e9s de la direcci\u00f3n email<br \/>\ninfo@dasantander.com<\/p>\n<p>&nbsp;<\/p>\n","protected":false},"excerpt":{"rendered":"<p>Aviso Legal En cumplimiento con el deber de informaci\u00f3n recogido en el art\u00edculo 10 de la Ley 34\/2002, de 11 de julio, de Servicios de la Sociedad de la Informaci\u00f3n y de Comercio Electr\u00f3nico, le informamos que la URL www.dasantander.com (en adelante el PORTAL) es un dominio propiedad de DAS SANTANDER (EMILIO LANZA) (en adelante, [&hellip;]<\/p>\n","protected":false},"author":1,"featured_media":0,"parent":0,"menu_order":0,"comment_status":"closed","ping_status":"closed","template":"","meta":{"_et_pb_use_builder":"","_et_pb_old_content":"","_et_gb_content_width":"","footnotes":""},"class_list":["post-110","page","type-page","status-publish","hentry"],"_links":{"self":[{"href":"https:\/\/dasantander.com\/index.php\/wp-json\/wp\/v2\/pages\/110","targetHints":{"allow":["GET"]}}],"collection":[{"href":"https:\/\/dasantander.com\/index.php\/wp-json\/wp\/v2\/pages"}],"about":[{"href":"https:\/\/dasantander.com\/index.php\/wp-json\/wp\/v2\/types\/page"}],"author":[{"embeddable":true,"href":"https:\/\/dasantander.com\/index.php\/wp-json\/wp\/v2\/users\/1"}],"replies":[{"embeddable":true,"href":"https:\/\/dasantander.com\/index.php\/wp-json\/wp\/v2\/comments?post=110"}],"version-history":[{"count":2,"href":"https:\/\/dasantander.com\/index.php\/wp-json\/wp\/v2\/pages\/110\/revisions"}],"predecessor-version":[{"id":122,"href":"https:\/\/dasantander.com\/index.php\/wp-json\/wp\/v2\/pages\/110\/revisions\/122"}],"wp:attachment":[{"href":"https:\/\/dasantander.com\/index.php\/wp-json\/wp\/v2\/media?parent=110"}],"curies":[{"name":"wp","href":"https:\/\/api.w.org\/{rel}","templated":true}]}}